{"id":1657,"date":"2023-05-22T13:28:16","date_gmt":"2023-05-22T13:28:16","guid":{"rendered":"https:\/\/manpower.lt\/?page_id=1657"},"modified":"2026-03-03T06:51:49","modified_gmt":"2026-03-03T06:51:49","slug":"cookie-notice","status":"publish","type":"page","link":"https:\/\/manpower.lt\/en\/cookie-notice\/","title":{"rendered":"Cookie notice\u00a0"},"content":{"rendered":"\n\n\n<div class=\"header p-st flx title-normal center style2 pb-20\">\n\n    \n  \n  \n  <div class=\"inner\">\n        \n<div class=\"section-title\">\n    <h1><span class=\"TextRun MacChromeBold SCXW99266742 BCX0\" lang=\"EN-US\" xml:lang=\"EN-US\" data-contrast=\"auto\"><span class=\"NormalTextRun SCXW99266742 BCX0\" data-ccp-parastyle=\"heading 1\">Cookie Notice<\/span><\/span><span class=\"EOP SCXW99266742 BCX0\" data-ccp-props=\"{&quot;134233117&quot;:true,&quot;134233118&quot;:true,&quot;201341983&quot;:0,&quot;335551550&quot;:2,&quot;335551620&quot;:2,&quot;335559740&quot;:240}\">\u00a0<\/span><\/h1>\n<\/div>    <div class=\"text\"><p>Updated April, 2024<\/p>\n<\/div>  <\/div>\n\n\n  \n  \n    \n<\/div>\n\n\n\n\n<div class=\"wp-block-columns is-layout-flex wp-container-core-columns-is-layout-9d6595d7 wp-block-columns-is-layout-flex\">\n<div class=\"wp-block-column is-layout-flow wp-block-column-is-layout-flow\" style=\"flex-basis:33.33%\">\n<h2 class=\"wp-block-heading\"><\/h2>\n<\/div>\n\n\n\n<div class=\"wp-block-column is-layout-flow wp-block-column-is-layout-flow\" style=\"flex-basis:66.66%\">\n<p>This cookie notice provides you with information about technical means we use to collect certain information when you visit <a href=\"http:\/\/www.manpower.lt\/\" target=\"_blank\" rel=\"noreferrer noopener\">www.manpower.lt<\/a> as well as the purposes for doing so.&nbsp;&nbsp;<\/p>\n\n\n\n<p>When you visit our website, we use \u201ccookies\u201d and similar technologies (for example \u201cweb beacons\u201d) to collect information by automated means, such as how many users visited our \u201cwebsite\u201d and the pages accessed.&nbsp;&nbsp;<\/p>\n\n\n\n<p>The cookies we use are not all strictly necessary, therefore we will ask you to consent to our use of cookies when you first visit our website. You do not need to allow cookies to visit most of the website. However, enabling cookies may allow for a more tailored browsing experience and is required for certain parts of the website to work.<\/p>\n<\/div>\n<\/div>\n\n\n\n<div class=\"wp-block-columns is-layout-flex wp-container-core-columns-is-layout-9d6595d7 wp-block-columns-is-layout-flex\">\n<div class=\"wp-block-column is-layout-flow wp-block-column-is-layout-flow\" style=\"flex-basis:33.33%\">\n<h2 class=\"wp-block-heading\">Key Concepts<\/h2>\n<\/div>\n\n\n\n<div class=\"wp-block-column is-layout-flow wp-block-column-is-layout-flow\" style=\"flex-basis:66.66%\">\n<p>A \u201c<strong>cookie\u201d<\/strong> is a small amount of data generated by a&nbsp;website&nbsp;and saved by your&nbsp;web browser to distinguish you from other users of the website. When you visit our site, strictly necessary cookies will be placed on your device as these are necessary for the functionality of a website.<\/p>\n\n\n\n<p>The<strong> &#8220;web beacon<\/strong>&#8220;, also known as an Internet tag, pixel tag or transparent GIF, links web pages to web servers and their cookies and is used to transfer information collected in cookies to a web server. By using these automated compilation methods, we may obtain &#8220;<strong>clickstream data<\/strong>&#8220;, which is a log of links and other content that the visitor clicks on when browsing the website.<\/p>\n\n\n\n<p><strong>First and third-party cookies<\/strong><\/p>\n\n\n\n<p>Whether a cookie is &#8216;first\u2019, or &#8216;third&#8217; party refers to the domain placing the cookie.<\/p>\n\n\n\n<p><strong>First-party cookies<\/strong> are created and stored by the website you are visiting directly (e.g., cookies placed by <a href=\"http:\/\/www.manpower.lt\">www.manpower.lt<\/a>) and used for providing better user experience.<\/p>\n\n\n\n<p><strong>Third-party cookies<\/strong> are created and placed by a domain other than the website you are visiting directly and used mostly for tracking creating personalized user experience.&nbsp;<\/p>\n\n\n\n<p><strong>Persistent cookies <\/strong>remain on user&#8217;s device for the period specified in the cookie. They help websites to remember your information and settings when you visit them in the future.<\/p>\n\n\n\n<p><strong>Session cookies are created temporarily to remember the <\/strong>user for a restricted period and are used to enable essential site functions. Once you close the browser, all session cookies are deleted.<\/p>\n\n\n\n<h2 class=\"wp-block-heading\">Cookies we use on our website:<\/h2>\n<\/div>\n<\/div>\n\n\n\n<div class=\"wp-block-columns is-layout-flex wp-container-core-columns-is-layout-9d6595d7 wp-block-columns-is-layout-flex\">\n<div class=\"wp-block-column is-layout-flow wp-block-column-is-layout-flow\" style=\"flex-basis:33.33%\">\n<h2 class=\"wp-block-heading\"><strong>Essential cookies (strictly necessary)<\/strong><\/h2>\n<\/div>\n\n\n\n<div class=\"wp-block-column is-layout-flow wp-block-column-is-layout-flow\" style=\"flex-basis:66.66%\">\n<p>Essential cookies are necessary for the operation of the website and cannot be disabled as without these cookies a website wouldn\u2019t be able to function. They are usually set only when you use features that create cases, such as setting privacy settings, logging in, or filling out forms. These cookies help us to identify visit and authentication to guarantee the security of website visitor.<br>You can set your browser to block or alert you to these cookies, but some parts of the site may not work after that.<\/p>\n\n\n\n<figure class=\"wp-block-table is-style-regular\"><table><tbody><tr><td><a><strong>Domain(s)<\/strong><\/a><strong><\/strong><\/td><td><strong>Cookie name <\/strong><strong><\/strong><\/td><td><strong>Description<\/strong><strong><\/strong><\/td><td><strong>Type<\/strong><strong><\/strong><\/td><td><strong>Duration <\/strong><strong><\/strong><\/td><\/tr><tr><td>manpower.lt<\/td><td>OptanonConsent<\/td><td>This cookie is set by the cookie compliance solution from OneTrust. It stores information about the categories of cookies the site uses and whether visitors have given or withdrawn consent for the use of each category. This enables site owners to prevent cookies in each category from being set in the users browser, when consent is not given. The cookie has a normal lifespan of one year, so that returning visitors to the site will have their preferences remembered. It contains no information that can identify the site visitor.<\/td><td>1<sup>st<\/sup><br>Party<\/td><td>1 year<\/td><\/tr><tr><td>manpower.lt<\/td><td>OptanonAlertBoxClosed<\/td><td>This cookie is set by websites using certain versions of the cookie law compliance solution from OneTrust.&nbsp; It is set after visitors have seen a cookie information notice and in some cases only when they actively close the notice down.&nbsp; It enables the website not to show the message more than once to a user.&nbsp; The cookie has a one year lifespan and contains no personal information.<\/td><td>1<sup>st<\/sup> Party<\/td><td>1 year<\/td><\/tr><\/tbody><\/table><\/figure>\n<\/div>\n<\/div>\n\n\n\n<div class=\"wp-block-columns is-layout-flex wp-container-core-columns-is-layout-9d6595d7 wp-block-columns-is-layout-flex\">\n<div class=\"wp-block-column is-layout-flow wp-block-column-is-layout-flow\" style=\"flex-basis:33.33%\">\n<h2 class=\"wp-block-heading\"><strong>Functional cookies<\/strong><\/h2>\n<\/div>\n\n\n\n<div class=\"wp-block-column is-layout-flow wp-block-column-is-layout-flow\" style=\"flex-basis:66.66%\">\n<p>Functional cookies enable the website to provide enhanced functionality and personalization. They may be set by us or by third party providers whose services we have added to our pages. If you do not allow these cookies, then some or all these services may not function properly.<\/p>\n\n\n\n<figure class=\"wp-block-table\"><table><tbody><tr><td><strong>Domain(s)<\/strong><\/td><td><strong>Cookie name<\/strong><\/td><td><strong>Description<\/strong><\/td><td><strong>Type<\/strong><\/td><td><strong>Duration<\/strong><\/td><\/tr><tr><td>&nbsp;manpower.lt<\/td><td>&nbsp;wp-wpml_current_language<\/td><td>&nbsp;By means of this cookie, the website preserves the user&#8217;s chosen language preference.<\/td><td>&nbsp;1<sup>st<\/sup> party<\/td><td>&nbsp;Session<\/td><\/tr><\/tbody><\/table><\/figure>\n<\/div>\n<\/div>\n\n\n\n<div class=\"wp-block-columns is-layout-flex wp-container-core-columns-is-layout-9d6595d7 wp-block-columns-is-layout-flex\">\n<div class=\"wp-block-column is-layout-flow wp-block-column-is-layout-flow\" style=\"flex-basis:33.33%\">\n<h2 class=\"wp-block-heading\">Performance cookies<\/h2>\n<\/div>\n\n\n\n<div class=\"wp-block-column is-layout-flow wp-block-column-is-layout-flow\" style=\"flex-basis:66.66%\">\n<p>Performance cookies collect information about how you use our website andallow us to calculate the number of visits and traffic sources so that we can measure and improve the performance of our site. Performance cookies help us understand which pages are popular and less popular and how visitors move around the site. We use performance cookies to perform and provide anonymous statistics on how our website is used. Help us improve the website by measuring any errors that occur.<\/p>\n\n\n\n<figure class=\"wp-block-table\"><table><tbody><tr><td><br><strong>Domain(s)<\/strong><\/td><td><strong>Cookie name<\/strong><\/td><td><strong>Description<\/strong><\/td><td><strong>Type<\/strong><\/td><td><strong>Duration<\/strong><\/td><\/tr><tr><td>manpower.lt<\/td><td>_ga<\/td><td>This cookie is used to distinguish unique users by assigning a randomly generated number as a client identifier. It is included in each page request in a site and used to calculate visitor, session and campaign data for the sites analytics reports.<\/td><td>1<sup>st<\/sup> party<\/td><td>1 year<\/td><\/tr><tr><td>manpower.lt<\/td><td>_ga_xxxxxxxxxx<\/td><td>This cookie is installed by Google Analytics. The cookie is used to calculate visitor, session, campaign data and keep track of site usage for the site&#8217;s analytics report. The cookies store information anonymously and assigns a randomly generated number to identify unique visitors.<\/td><td>1<sup>st<\/sup> party<\/td><td>2 years<\/td><\/tr><\/tbody><\/table><\/figure>\n<\/div>\n<\/div>\n\n\n\n<div class=\"wp-block-columns is-layout-flex wp-container-core-columns-is-layout-9d6595d7 wp-block-columns-is-layout-flex\">\n<div class=\"wp-block-column is-layout-flow wp-block-column-is-layout-flow\" style=\"flex-basis:33.33%\">\n<h2 class=\"wp-block-heading\">Targeting cookies<\/h2>\n<\/div>\n\n\n\n<div class=\"wp-block-column is-layout-flow wp-block-column-is-layout-flow\" style=\"flex-basis:66.66%\">\n<p>Targeting cookies will be placed on our website by our advertising partners. These companies may use cookies to form a profile of your interests and to run ads that interest you on other sites. Cookies recognize your browser and device. These cookies require your consent and if you do not accept these cookies, you will not see targeted advertising on different websites.<\/p>\n\n\n\n<figure class=\"wp-block-table\"><table><tbody><tr><td><strong>Domain(s)<\/strong><\/td><td><strong>Cookie name<\/strong><\/td><td><strong>Description<\/strong><\/td><td><strong>Type<\/strong><\/td><td><strong>Duration<\/strong><\/td><\/tr><tr><td>manpower.lt<\/td><td>_gcl_au<\/td><td>Used by Google AdSense for experimenting with advertisement efficiency across websites using their services<\/td><td>1<sup>st<\/sup> party<\/td><td>89 days<\/td><\/tr><\/tbody><\/table><\/figure>\n<\/div>\n<\/div>\n\n\n\n<div class=\"wp-block-columns is-layout-flex wp-container-core-columns-is-layout-9d6595d7 wp-block-columns-is-layout-flex\">\n<div class=\"wp-block-column is-layout-flow wp-block-column-is-layout-flow\" style=\"flex-basis:33.33%\">\n<h2 class=\"wp-block-heading\"><strong>Links to third-party websites, apps, and services<\/strong><\/h2>\n<\/div>\n\n\n\n<div class=\"wp-block-column is-layout-flow wp-block-column-is-layout-flow\" style=\"flex-basis:66.66%\">\n<p>For your convenience and informational purposes, our sites may provide links to third-party websites, apps, and services that can be operated by companies not affiliated with ManpowerGroup. These companies may have their own privacy statements or policies that we recommend that you review. We are not responsible for the privacy practices of any site, app or services not managed by ManpowerGroup.<\/p>\n<\/div>\n<\/div>\n\n\n\n<div class=\"wp-block-columns is-layout-flex wp-container-core-columns-is-layout-9d6595d7 wp-block-columns-is-layout-flex\">\n<div class=\"wp-block-column is-layout-flow wp-block-column-is-layout-flow\" style=\"flex-basis:33.33%\">\n<h2 class=\"wp-block-heading\">Consent<\/h2>\n<\/div>\n\n\n\n<div class=\"wp-block-column is-layout-flow wp-block-column-is-layout-flow\" style=\"flex-basis:66.66%\">\n<p>Except for the automatically enabled essential cookies, we do not place cookies on your device without your consent. You can enable and disable the use of cookie categories and withdraw your consent (except automatically enabled essential cookies) in Cookie Preference Center that can be accessed through the cookie information banner shown on our website or through the <a>Cookie <\/a>settings icon shown on this website.<\/p>\n<\/div>\n<\/div>\n\n\n\n<div class=\"wp-block-columns is-layout-flex wp-container-core-columns-is-layout-9d6595d7 wp-block-columns-is-layout-flex\">\n<div class=\"wp-block-column is-layout-flow wp-block-column-is-layout-flow\" style=\"flex-basis:33.33%\">\n<h2 class=\"wp-block-heading\">Cookie Notice Updates<\/h2>\n<\/div>\n\n\n\n<div class=\"wp-block-column is-layout-flow wp-block-column-is-layout-flow\" style=\"flex-basis:66.66%\">\n<p>This Cookie Notice (including any attachments) be updated periodically to reflect changes in our privacy practices and legal requirements.<\/p>\n<\/div>\n<\/div>\n\n\n\n<div class=\"wp-block-columns is-layout-flex wp-container-core-columns-is-layout-9d6595d7 wp-block-columns-is-layout-flex\">\n<div class=\"wp-block-column is-layout-flow wp-block-column-is-layout-flow\" style=\"flex-basis:33.33%\">\n<h2 class=\"wp-block-heading\">How to contact us<\/h2>\n<\/div>\n\n\n\n<div class=\"wp-block-column is-layout-flow wp-block-column-is-layout-flow\" style=\"flex-basis:66.66%\">\n<p>If you have any questions or comments regarding this Cookie Notice, or if you wish to exercise your rights, please contact us using<mark class=\"has-inline-color has-vivid-cyan-blue-color\"> <strong><a href=\"https:\/\/privacy-portal-manpowergroup.my.onetrust.com\/webform\/1ef6af7e-5375-472f-9219-c7092454fa4f\/78263a34-248c-4b73-97a5-71893266a15e\" target=\"_blank\" rel=\"noreferrer noopener\">this FORM<\/a>.<\/strong><\/mark><\/p>\n\n\n\n<p>Mona Nechvatalova <br>Data Protection Officer Nordics &amp; Baltics<br>Manpower Lit UAB<br>\u0160eimyni\u0161ki\u0173 str. 3,<br>Vilnius Lithuania<\/p>\n\n\n\n<p><\/p>\n\n\n\n<p><\/p>\n<\/div>\n<\/div>\n","protected":false},"excerpt":{"rendered":"<p>This cookie notice provides you with information about technical means we use to collect certain information when you visit www.manpower.lt as well as the purposes for doing so.&nbsp;&nbsp; When you [&hellip;]<\/p>\n","protected":false},"author":2,"featured_media":0,"parent":0,"menu_order":0,"comment_status":"closed","ping_status":"closed","template":"","meta":{"inline_featured_image":false,"footnotes":""},"class_list":["post-1657","page","type-page","status-publish","hentry"],"acf":[],"_links":{"self":[{"href":"https:\/\/manpower.lt\/en\/wp-json\/wp\/v2\/pages\/1657","targetHints":{"allow":["GET"]}}],"collection":[{"href":"https:\/\/manpower.lt\/en\/wp-json\/wp\/v2\/pages"}],"about":[{"href":"https:\/\/manpower.lt\/en\/wp-json\/wp\/v2\/types\/page"}],"author":[{"embeddable":true,"href":"https:\/\/manpower.lt\/en\/wp-json\/wp\/v2\/users\/2"}],"replies":[{"embeddable":true,"href":"https:\/\/manpower.lt\/en\/wp-json\/wp\/v2\/comments?post=1657"}],"version-history":[{"count":17,"href":"https:\/\/manpower.lt\/en\/wp-json\/wp\/v2\/pages\/1657\/revisions"}],"predecessor-version":[{"id":4666,"href":"https:\/\/manpower.lt\/en\/wp-json\/wp\/v2\/pages\/1657\/revisions\/4666"}],"wp:attachment":[{"href":"https:\/\/manpower.lt\/en\/wp-json\/wp\/v2\/media?parent=1657"}],"curies":[{"name":"wp","href":"https:\/\/api.w.org\/{rel}","templated":true}]}}