{"id":1412,"date":"2022-07-27T11:19:44","date_gmt":"2022-07-27T11:19:44","guid":{"rendered":"https:\/\/manpower.lt\/contacts\/"},"modified":"2026-03-31T10:12:53","modified_gmt":"2026-03-31T10:12:53","slug":"contacts","status":"publish","type":"page","link":"https:\/\/manpower.lt\/en\/contacts\/","title":{"rendered":"Contacts"},"content":{"rendered":"\n\n\n<div class=\"header p-st flx title-normal center style1 pb-10\">\n\n    \n  \n  \n  <div class=\"inner\">\n        \n<div class=\"section-title\">\n    <h2>Let&#8217;s talk and find the best solutions together<\/h2>\n<\/div>      <\/div>\n\n\n  \n    <div class=\"columns flx \">\n   \n    \n              <div class=\"item\">\n          <h4>Email address<\/h4>\n          <p>For job seekers: <a href=\"mailto:vilnius@manpower.lt\">vilnius@manpower.lt<\/a><\/p>\n<p>For employers: <a href=\"mailto:lt.sales.manpower@manpower.lt\">lt.sales.manpower@manpower.lt\u00a0<\/a><\/p>\n        <\/div>\n              <div class=\"item\">\n          <h4>Phone number<\/h4>\n          <p>General questions:<br \/>\n<a href=\"tel:+37065922460\">+370 <span class=\"ui-provider boi boj boh bok bol bom bon boo bop boq bor bos bot bou bov bow box boy boz bpa bpb bpc bpd bpe bpf bpg bph bpi bpj bpk bpl bpm bpn bpo bpp\" dir=\"ltr\">6592 2460<\/span><\/a><\/p>\n<p>Inquiries:<br \/>\n<a href=\"tel:+37068502424\">+370 6850 2424<\/a><\/p>\n        <\/div>\n              <div class=\"item\">\n          <h4>Address<\/h4>\n          <p><a href=\"https:\/\/goo.gl\/maps\/ZV4QDYo4PPECDqZW8\" target=\"_blank\" rel=\"noopener\">\u0160eimyni\u0161ki\u0173 st 3,<br \/>\n(IBC Business Centre, 2nd floor)<br \/>\n09312 Vilnius, Lithuania<\/a><\/p>\n        <\/div>\n              <div class=\"item\">\n          <h4>Details<\/h4>\n          <p>Company code: 300529825<br \/>\nVAT code: LT100003351316<\/p>\n        <\/div>\n      \n    \n  <\/div>\n  \n    \n<\/div>\n\n\n\n\n\n\n<div class=\"team-listing p-st \" style=\"\">\n  \n<div class=\"section-title\">\n    <h2>We are a trusted team of professionals<br \/> happy to assist you<\/h2>\n<\/div>  <div class=\"team-list pt-3 flx flx-wrap\">\n\n        <div class=\"item\">\n      <img loading=\"lazy\" decoding=\"async\" width=\"706\" height=\"755\" src=\"https:\/\/manpower.lt\/wp-content\/uploads\/2022\/11\/Zivile-8.jpg\" class=\"attachment-large size-large\" alt=\"\" srcset=\"https:\/\/manpower.lt\/wp-content\/uploads\/2022\/11\/Zivile-8.jpg 706w, https:\/\/manpower.lt\/wp-content\/uploads\/2022\/11\/Zivile-8-281x300.jpg 281w, https:\/\/manpower.lt\/wp-content\/uploads\/2022\/11\/Zivile-8-234x250.jpg 234w, https:\/\/manpower.lt\/wp-content\/uploads\/2022\/11\/Zivile-8-140x150.jpg 140w\" sizes=\"auto, (max-width: 706px) 100vw, 706px\" \/>      <a href=\"https:\/\/www.linkedin.com\/in\/%C5%BEivil%C4%97-%C5%A1ve%C5%BEauskien%C4%97-8a01777b\/\" class=\"linkedin\" target=\"_blank\" rel=\"noopener\"><img decoding=\"async\" src=\"https:\/\/manpower.lt\/wp-content\/themes\/manpower\/assets\/img\/icon-linkedin-member.svg\"><\/a>      <h4>\u017divil\u0117 \u0160ve\u017eauskien\u0117<\/h4>\n      <div class=\"position\">\n        <div>CEO<\/div>\n              <\/div>\n      <div class=\"contacts\">\n        <div class=\"email\"><a href=\"mailto:zivile.svezauskiene@manpower.lt\">zivile.svezauskiene@manpower.lt<\/a><\/div>\n        <div class=\"tel\"><a href=\"tel:+370 6390 6397\">+370 6390 6397<\/a><\/div>\n      <\/div>\n    <\/div>\n        <div class=\"item\">\n      <img loading=\"lazy\" decoding=\"async\" width=\"1024\" height=\"779\" src=\"https:\/\/manpower.lt\/wp-content\/uploads\/2022\/11\/Ieva-foto-webuih-1-1024x779.png\" class=\"attachment-large size-large\" alt=\"\" srcset=\"https:\/\/manpower.lt\/wp-content\/uploads\/2022\/11\/Ieva-foto-webuih-1-1024x779.png 1024w, https:\/\/manpower.lt\/wp-content\/uploads\/2022\/11\/Ieva-foto-webuih-1-300x228.png 300w, https:\/\/manpower.lt\/wp-content\/uploads\/2022\/11\/Ieva-foto-webuih-1-768x584.png 768w, https:\/\/manpower.lt\/wp-content\/uploads\/2022\/11\/Ieva-foto-webuih-1-1536x1168.png 1536w, https:\/\/manpower.lt\/wp-content\/uploads\/2022\/11\/Ieva-foto-webuih-1-250x190.png 250w, https:\/\/manpower.lt\/wp-content\/uploads\/2022\/11\/Ieva-foto-webuih-1-150x114.png 150w, https:\/\/manpower.lt\/wp-content\/uploads\/2022\/11\/Ieva-foto-webuih-1.png 1686w\" sizes=\"auto, (max-width: 1024px) 100vw, 1024px\" \/>      <a href=\"https:\/\/www.linkedin.com\/in\/ieva-k%C4%97valaityt%C4%97-b40041172\/\" class=\"linkedin\" target=\"_blank\" rel=\"noopener\"><img decoding=\"async\" src=\"https:\/\/manpower.lt\/wp-content\/themes\/manpower\/assets\/img\/icon-linkedin-member.svg\"><\/a>      <h4>Ieva K\u0117valaityt\u0117<\/h4>\n      <div class=\"position\">\n        <div>Head of Talent Acquisition<\/div>\n              <\/div>\n      <div class=\"contacts\">\n        <div class=\"email\"><a href=\"mailto:ieva.kevalaityte@manpower.lt\">ieva.kevalaityte@manpower.lt<\/a><\/div>\n        <div class=\"tel\"><a href=\"tel:+370 6592 8964\">+370 6592 8964<\/a><\/div>\n      <\/div>\n    <\/div>\n        <div class=\"item\">\n      <img loading=\"lazy\" decoding=\"async\" width=\"1024\" height=\"729\" src=\"https:\/\/manpower.lt\/wp-content\/uploads\/2022\/11\/Denis1-1024x729.jpg\" class=\"attachment-large size-large\" alt=\"\" srcset=\"https:\/\/manpower.lt\/wp-content\/uploads\/2022\/11\/Denis1-1024x729.jpg 1024w, https:\/\/manpower.lt\/wp-content\/uploads\/2022\/11\/Denis1-300x214.jpg 300w, https:\/\/manpower.lt\/wp-content\/uploads\/2022\/11\/Denis1-768x547.jpg 768w, https:\/\/manpower.lt\/wp-content\/uploads\/2022\/11\/Denis1-1536x1093.jpg 1536w, https:\/\/manpower.lt\/wp-content\/uploads\/2022\/11\/Denis1-250x178.jpg 250w, https:\/\/manpower.lt\/wp-content\/uploads\/2022\/11\/Denis1-150x107.jpg 150w, https:\/\/manpower.lt\/wp-content\/uploads\/2022\/11\/Denis1.jpg 1725w\" sizes=\"auto, (max-width: 1024px) 100vw, 1024px\" \/>      <a href=\"https:\/\/www.linkedin.com\/in\/denis-tarasenkov-a22a32203\/\" class=\"linkedin\" target=\"_blank\" rel=\"noopener\"><img decoding=\"async\" src=\"https:\/\/manpower.lt\/wp-content\/themes\/manpower\/assets\/img\/icon-linkedin-member.svg\"><\/a>      <h4>Denis Tarasenkov<\/h4>\n      <div class=\"position\">\n        <div>Head of Sales<\/div>\n              <\/div>\n      <div class=\"contacts\">\n        <div class=\"email\"><a href=\"mailto:denis.tarasenkov@manpower.lt\">denis.tarasenkov@manpower.lt<\/a><\/div>\n        <div class=\"tel\"><a href=\"tel:+370 6491 6109\">+370 6491 6109<\/a><\/div>\n      <\/div>\n    <\/div>\n        <div class=\"item\">\n      <img loading=\"lazy\" decoding=\"async\" width=\"1024\" height=\"797\" src=\"https:\/\/manpower.lt\/wp-content\/uploads\/2025\/12\/Kamile2-1024x797.png\" class=\"attachment-large size-large\" alt=\"\" srcset=\"https:\/\/manpower.lt\/wp-content\/uploads\/2025\/12\/Kamile2-1024x797.png 1024w, https:\/\/manpower.lt\/wp-content\/uploads\/2025\/12\/Kamile2-300x233.png 300w, https:\/\/manpower.lt\/wp-content\/uploads\/2025\/12\/Kamile2-768x597.png 768w, https:\/\/manpower.lt\/wp-content\/uploads\/2025\/12\/Kamile2-250x194.png 250w, https:\/\/manpower.lt\/wp-content\/uploads\/2025\/12\/Kamile2-150x117.png 150w, https:\/\/manpower.lt\/wp-content\/uploads\/2025\/12\/Kamile2.png 1463w\" sizes=\"auto, (max-width: 1024px) 100vw, 1024px\" \/>      <a href=\"https:\/\/www.linkedin.com\/in\/kamile-jurgeleviciute\/\" class=\"linkedin\" target=\"_blank\" rel=\"noopener\"><img decoding=\"async\" src=\"https:\/\/manpower.lt\/wp-content\/themes\/manpower\/assets\/img\/icon-linkedin-member.svg\"><\/a>      <h4>Kamil\u0117 Jurgelevi\u010di\u016bt\u0117<\/h4>\n      <div class=\"position\">\n        <div>Client Partner<\/div>\n              <\/div>\n      <div class=\"contacts\">\n        <div class=\"email\"><a href=\"mailto:Kamile.Jurgeleviciute@manpower.lt\">Kamile.Jurgeleviciute@manpower.lt<\/a><\/div>\n        <div class=\"tel\"><a href=\"tel:+370 6850 2424\">+370 6850 2424<\/a><\/div>\n      <\/div>\n    <\/div>\n        <div class=\"item\">\n      <img loading=\"lazy\" decoding=\"async\" width=\"736\" height=\"698\" src=\"https:\/\/manpower.lt\/wp-content\/uploads\/2022\/11\/Milda-e1675415622572.jpg\" class=\"attachment-large size-large\" alt=\"\" srcset=\"https:\/\/manpower.lt\/wp-content\/uploads\/2022\/11\/Milda-e1675415622572.jpg 736w, https:\/\/manpower.lt\/wp-content\/uploads\/2022\/11\/Milda-e1675415622572-300x285.jpg 300w, https:\/\/manpower.lt\/wp-content\/uploads\/2022\/11\/Milda-e1675415622572-250x237.jpg 250w, https:\/\/manpower.lt\/wp-content\/uploads\/2022\/11\/Milda-e1675415622572-150x142.jpg 150w\" sizes=\"auto, (max-width: 736px) 100vw, 736px\" \/>      <a href=\"https:\/\/www.linkedin.com\/in\/milda-grigaraviciute\/\" class=\"linkedin\" target=\"_blank\" rel=\"noopener\"><img decoding=\"async\" src=\"https:\/\/manpower.lt\/wp-content\/themes\/manpower\/assets\/img\/icon-linkedin-member.svg\"><\/a>      <h4>Milda Grigaravi\u010di\u016bt\u0117<\/h4>\n      <div class=\"position\">\n        <div>Senior Talent Acquisition Partner<\/div>\n                  <div>Business Operations Division<\/div>\n              <\/div>\n      <div class=\"contacts\">\n        <div class=\"email\"><a href=\"mailto:milda.grigaraviciute@manpower.lt\">milda.grigaraviciute@manpower.lt<\/a><\/div>\n        <div class=\"tel\"><a href=\"tel:+370 6992 1350\">+370 6992 1350<\/a><\/div>\n      <\/div>\n    <\/div>\n        <div class=\"item\">\n      <img loading=\"lazy\" decoding=\"async\" width=\"1024\" height=\"880\" src=\"https:\/\/manpower.lt\/wp-content\/uploads\/2022\/11\/Toma-Kusiene-e1675416042156-1024x880.jpg\" class=\"attachment-large size-large\" alt=\"\" srcset=\"https:\/\/manpower.lt\/wp-content\/uploads\/2022\/11\/Toma-Kusiene-e1675416042156-1024x880.jpg 1024w, https:\/\/manpower.lt\/wp-content\/uploads\/2022\/11\/Toma-Kusiene-e1675416042156-300x258.jpg 300w, https:\/\/manpower.lt\/wp-content\/uploads\/2022\/11\/Toma-Kusiene-e1675416042156-768x660.jpg 768w, https:\/\/manpower.lt\/wp-content\/uploads\/2022\/11\/Toma-Kusiene-e1675416042156-250x215.jpg 250w, https:\/\/manpower.lt\/wp-content\/uploads\/2022\/11\/Toma-Kusiene-e1675416042156-150x129.jpg 150w, https:\/\/manpower.lt\/wp-content\/uploads\/2022\/11\/Toma-Kusiene-e1675416042156.jpg 1366w\" sizes=\"auto, (max-width: 1024px) 100vw, 1024px\" \/>      <a href=\"https:\/\/www.linkedin.com\/in\/toma-kusien%C4%97-83a742148\/\" class=\"linkedin\" target=\"_blank\" rel=\"noopener\"><img decoding=\"async\" src=\"https:\/\/manpower.lt\/wp-content\/themes\/manpower\/assets\/img\/icon-linkedin-member.svg\"><\/a>      <h4>Toma Kusien\u0117<\/h4>\n      <div class=\"position\">\n        <div>Senior Talent Acquisition Partner<\/div>\n                  <div>Technology Division<\/div>\n              <\/div>\n      <div class=\"contacts\">\n        <div class=\"email\"><a href=\"mailto:toma.kusiene@manpower.lt\">toma.kusiene@manpower.lt<\/a><\/div>\n        <div class=\"tel\"><a href=\"tel:+370 6904 1686\">+370 6904 1686<\/a><\/div>\n      <\/div>\n    <\/div>\n        <div class=\"item\">\n      <img loading=\"lazy\" decoding=\"async\" width=\"854\" height=\"854\" src=\"https:\/\/manpower.lt\/wp-content\/uploads\/2022\/11\/Greta.jpg\" class=\"attachment-large size-large\" alt=\"\" srcset=\"https:\/\/manpower.lt\/wp-content\/uploads\/2022\/11\/Greta.jpg 854w, https:\/\/manpower.lt\/wp-content\/uploads\/2022\/11\/Greta-300x300.jpg 300w, https:\/\/manpower.lt\/wp-content\/uploads\/2022\/11\/Greta-150x150.jpg 150w, https:\/\/manpower.lt\/wp-content\/uploads\/2022\/11\/Greta-768x768.jpg 768w, https:\/\/manpower.lt\/wp-content\/uploads\/2022\/11\/Greta-250x250.jpg 250w\" sizes=\"auto, (max-width: 854px) 100vw, 854px\" \/>      <a href=\"https:\/\/www.linkedin.com\/in\/greta-navickien%C4%97-3ab7a7174\/\" class=\"linkedin\" target=\"_blank\" rel=\"noopener\"><img decoding=\"async\" src=\"https:\/\/manpower.lt\/wp-content\/themes\/manpower\/assets\/img\/icon-linkedin-member.svg\"><\/a>      <h4>Greta Navickien\u0117<\/h4>\n      <div class=\"position\">\n        <div>Senior Talent Acquisition Partner<\/div>\n                  <div>Business Operations Division<\/div>\n              <\/div>\n      <div class=\"contacts\">\n        <div class=\"email\"><a href=\"mailto:greta.navickiene@manpower.lt\">greta.navickiene@manpower.lt<\/a><\/div>\n        <div class=\"tel\"><a href=\"tel:+370 6306 8901\">+370 6306 8901<\/a><\/div>\n      <\/div>\n    <\/div>\n        <div class=\"item\">\n      <img loading=\"lazy\" decoding=\"async\" width=\"1024\" height=\"683\" src=\"https:\/\/manpower.lt\/wp-content\/uploads\/2024\/06\/Aiste2-1-1024x683.jpg\" class=\"attachment-large size-large\" alt=\"\" srcset=\"https:\/\/manpower.lt\/wp-content\/uploads\/2024\/06\/Aiste2-1-1024x683.jpg 1024w, https:\/\/manpower.lt\/wp-content\/uploads\/2024\/06\/Aiste2-1-300x200.jpg 300w, https:\/\/manpower.lt\/wp-content\/uploads\/2024\/06\/Aiste2-1-768x512.jpg 768w, https:\/\/manpower.lt\/wp-content\/uploads\/2024\/06\/Aiste2-1-1536x1024.jpg 1536w, https:\/\/manpower.lt\/wp-content\/uploads\/2024\/06\/Aiste2-1-250x167.jpg 250w, https:\/\/manpower.lt\/wp-content\/uploads\/2024\/06\/Aiste2-1-150x100.jpg 150w, https:\/\/manpower.lt\/wp-content\/uploads\/2024\/06\/Aiste2-1.jpg 1776w\" sizes=\"auto, (max-width: 1024px) 100vw, 1024px\" \/>      <a href=\"https:\/\/www.linkedin.com\/in\/aiste-petrikiene\/\" class=\"linkedin\" target=\"_blank\" rel=\"noopener\"><img decoding=\"async\" src=\"https:\/\/manpower.lt\/wp-content\/themes\/manpower\/assets\/img\/icon-linkedin-member.svg\"><\/a>      <h4>Aist\u0117 Petrikien\u0117<\/h4>\n      <div class=\"position\">\n        <div>Talent Acquisition Partner<\/div>\n                  <div>Business Operations Division<\/div>\n              <\/div>\n      <div class=\"contacts\">\n        <div class=\"email\"><a href=\"mailto:aiste.petrikiene@manpower.lt\">aiste.petrikiene@manpower.lt<\/a><\/div>\n        <div class=\"tel\"><a href=\"tel:+370 6420 8974\">+370 6420 8974<\/a><\/div>\n      <\/div>\n    <\/div>\n        <div class=\"item\">\n      <img loading=\"lazy\" decoding=\"async\" width=\"727\" height=\"779\" src=\"https:\/\/manpower.lt\/wp-content\/uploads\/2023\/05\/Unknown-2-done2.jpg\" class=\"attachment-large size-large\" alt=\"\" srcset=\"https:\/\/manpower.lt\/wp-content\/uploads\/2023\/05\/Unknown-2-done2.jpg 727w, https:\/\/manpower.lt\/wp-content\/uploads\/2023\/05\/Unknown-2-done2-280x300.jpg 280w, https:\/\/manpower.lt\/wp-content\/uploads\/2023\/05\/Unknown-2-done2-233x250.jpg 233w, https:\/\/manpower.lt\/wp-content\/uploads\/2023\/05\/Unknown-2-done2-140x150.jpg 140w\" sizes=\"auto, (max-width: 727px) 100vw, 727px\" \/>      <a href=\"https:\/\/www.linkedin.com\/in\/egl%C4%97-butkien%C4%97\/\" class=\"linkedin\" target=\"_blank\" rel=\"noopener\"><img decoding=\"async\" src=\"https:\/\/manpower.lt\/wp-content\/themes\/manpower\/assets\/img\/icon-linkedin-member.svg\"><\/a>      <h4>Egl\u0117 Butkien\u0117<\/h4>\n      <div class=\"position\">\n        <div>Talent Acquisition Partner<\/div>\n                  <div>Technology Division<\/div>\n              <\/div>\n      <div class=\"contacts\">\n        <div class=\"email\"><a href=\"mailto:egle.butkiene@manpower.lt\">egle.butkiene@manpower.lt<\/a><\/div>\n        <div class=\"tel\"><a href=\"tel:+370 6530 6583\">+370 6530 6583<\/a><\/div>\n      <\/div>\n    <\/div>\n        <div class=\"item\">\n      <img loading=\"lazy\" decoding=\"async\" width=\"717\" height=\"708\" src=\"https:\/\/manpower.lt\/wp-content\/uploads\/2022\/11\/Jelizaveta-e1675415661524.jpg\" class=\"attachment-large size-large\" alt=\"\" srcset=\"https:\/\/manpower.lt\/wp-content\/uploads\/2022\/11\/Jelizaveta-e1675415661524.jpg 717w, https:\/\/manpower.lt\/wp-content\/uploads\/2022\/11\/Jelizaveta-e1675415661524-300x296.jpg 300w, https:\/\/manpower.lt\/wp-content\/uploads\/2022\/11\/Jelizaveta-e1675415661524-250x247.jpg 250w, https:\/\/manpower.lt\/wp-content\/uploads\/2022\/11\/Jelizaveta-e1675415661524-150x148.jpg 150w\" sizes=\"auto, (max-width: 717px) 100vw, 717px\" \/>      <a href=\"https:\/\/www.linkedin.com\/in\/jelizaveta-martynoviciene-827276113\/\" class=\"linkedin\" target=\"_blank\" rel=\"noopener\"><img decoding=\"async\" src=\"https:\/\/manpower.lt\/wp-content\/themes\/manpower\/assets\/img\/icon-linkedin-member.svg\"><\/a>      <h4>Jelizaveta Martynovi\u010dien\u0117<\/h4>\n      <div class=\"position\">\n        <div>HR Partner<\/div>\n              <\/div>\n      <div class=\"contacts\">\n        <div class=\"email\"><a href=\"mailto:jelizaveta.martynovitchene@manpower.lt\">jelizaveta.martynovitchene@manpower.lt<\/a><\/div>\n        <div class=\"tel\"><a href=\"tel:+370 6527 3117\">+370 6527 3117<\/a><\/div>\n      <\/div>\n    <\/div>\n        <div class=\"item\">\n      <img loading=\"lazy\" decoding=\"async\" width=\"775\" height=\"734\" src=\"https:\/\/manpower.lt\/wp-content\/uploads\/2022\/11\/Renata-e1675415583338.jpg\" class=\"attachment-large size-large\" alt=\"\" srcset=\"https:\/\/manpower.lt\/wp-content\/uploads\/2022\/11\/Renata-e1675415583338.jpg 775w, https:\/\/manpower.lt\/wp-content\/uploads\/2022\/11\/Renata-e1675415583338-300x284.jpg 300w, https:\/\/manpower.lt\/wp-content\/uploads\/2022\/11\/Renata-e1675415583338-768x727.jpg 768w, https:\/\/manpower.lt\/wp-content\/uploads\/2022\/11\/Renata-e1675415583338-250x237.jpg 250w, https:\/\/manpower.lt\/wp-content\/uploads\/2022\/11\/Renata-e1675415583338-150x142.jpg 150w\" sizes=\"auto, (max-width: 775px) 100vw, 775px\" \/>      <a href=\"https:\/\/www.linkedin.com\/in\/renata-odinokova-1021826b\/\" class=\"linkedin\" target=\"_blank\" rel=\"noopener\"><img decoding=\"async\" src=\"https:\/\/manpower.lt\/wp-content\/themes\/manpower\/assets\/img\/icon-linkedin-member.svg\"><\/a>      <h4>Renata Odinokova<\/h4>\n      <div class=\"position\">\n        <div>HR Partner<\/div>\n              <\/div>\n      <div class=\"contacts\">\n        <div class=\"email\"><a href=\"mailto:renata.odinokova@manpower.lt\">renata.odinokova@manpower.lt<\/a><\/div>\n        <div class=\"tel\"><a href=\"tel:+370 6739 0757\">+370 6739 0757<\/a><\/div>\n      <\/div>\n    <\/div>\n        <div class=\"item\">\n      <img loading=\"lazy\" decoding=\"async\" width=\"1024\" height=\"806\" src=\"https:\/\/manpower.lt\/wp-content\/uploads\/2025\/07\/Sigrida1-1024x806.png\" class=\"attachment-large size-large\" alt=\"\" srcset=\"https:\/\/manpower.lt\/wp-content\/uploads\/2025\/07\/Sigrida1-1024x806.png 1024w, https:\/\/manpower.lt\/wp-content\/uploads\/2025\/07\/Sigrida1-300x236.png 300w, https:\/\/manpower.lt\/wp-content\/uploads\/2025\/07\/Sigrida1-768x604.png 768w, https:\/\/manpower.lt\/wp-content\/uploads\/2025\/07\/Sigrida1-1536x1208.png 1536w, https:\/\/manpower.lt\/wp-content\/uploads\/2025\/07\/Sigrida1-250x197.png 250w, https:\/\/manpower.lt\/wp-content\/uploads\/2025\/07\/Sigrida1-150x118.png 150w, https:\/\/manpower.lt\/wp-content\/uploads\/2025\/07\/Sigrida1.png 1730w\" sizes=\"auto, (max-width: 1024px) 100vw, 1024px\" \/>      <a href=\"https:\/\/www.linkedin.com\/in\/sigrida-kriksciunaite-468543169\/\" class=\"linkedin\" target=\"_blank\" rel=\"noopener\"><img decoding=\"async\" src=\"https:\/\/manpower.lt\/wp-content\/themes\/manpower\/assets\/img\/icon-linkedin-member.svg\"><\/a>      <h4>Sigrida Krik\u0161\u010di\u016bnait\u0117<\/h4>\n      <div class=\"position\">\n        <div>HR Partner<\/div>\n              <\/div>\n      <div class=\"contacts\">\n        <div class=\"email\"><a href=\"mailto:sigrida.kriksciunaite@manpower.lt\">sigrida.kriksciunaite@manpower.lt<\/a><\/div>\n        <div class=\"tel\"><a href=\"tel:+370 6592 9877\">+370 6592 9877<\/a><\/div>\n      <\/div>\n    <\/div>\n        <div class=\"item\">\n      <img loading=\"lazy\" decoding=\"async\" width=\"1024\" height=\"1024\" src=\"https:\/\/manpower.lt\/wp-content\/uploads\/2022\/11\/placeholder.svg\" class=\"attachment-large size-large\" alt=\"\" \/>            <h4>Accounting<\/h4>\n      <div class=\"position\">\n        <div><\/div>\n              <\/div>\n      <div class=\"contacts\">\n        <div class=\"email\"><a href=\"mailto:accounting@manpower.lt\">accounting@manpower.lt<\/a><\/div>\n        <div class=\"tel\"><a href=\"tel:\"><\/a><\/div>\n      <\/div>\n    <\/div>\n    \n  <\/div>\n<\/div>\n\n\n","protected":false},"excerpt":{"rendered":"","protected":false},"author":1,"featured_media":0,"parent":0,"menu_order":0,"comment_status":"closed","ping_status":"closed","template":"","meta":{"inline_featured_image":false,"footnotes":""},"class_list":["post-1412","page","type-page","status-publish","hentry"],"acf":[],"_links":{"self":[{"href":"https:\/\/manpower.lt\/en\/wp-json\/wp\/v2\/pages\/1412","targetHints":{"allow":["GET"]}}],"collection":[{"href":"https:\/\/manpower.lt\/en\/wp-json\/wp\/v2\/pages"}],"about":[{"href":"https:\/\/manpower.lt\/en\/wp-json\/wp\/v2\/types\/page"}],"author":[{"embeddable":true,"href":"https:\/\/manpower.lt\/en\/wp-json\/wp\/v2\/users\/1"}],"replies":[{"embeddable":true,"href":"https:\/\/manpower.lt\/en\/wp-json\/wp\/v2\/comments?post=1412"}],"version-history":[{"count":28,"href":"https:\/\/manpower.lt\/en\/wp-json\/wp\/v2\/pages\/1412\/revisions"}],"predecessor-version":[{"id":4697,"href":"https:\/\/manpower.lt\/en\/wp-json\/wp\/v2\/pages\/1412\/revisions\/4697"}],"wp:attachment":[{"href":"https:\/\/manpower.lt\/en\/wp-json\/wp\/v2\/media?parent=1412"}],"curies":[{"name":"wp","href":"https:\/\/api.w.org\/{rel}","templated":true}]}}